{"id":149,"date":"2025-05-26T11:14:12","date_gmt":"2025-05-26T11:14:12","guid":{"rendered":"https:\/\/siknal.com\/?page_id=149"},"modified":"2025-07-03T08:24:39","modified_gmt":"2025-07-03T08:24:39","slug":"smart-refit","status":"publish","type":"page","link":"https:\/\/siknal.com\/es\/smart-refit\/","title":{"rendered":"smart refit"},"content":{"rendered":"\t\t<div data-elementor-type=\"wp-page\" data-elementor-id=\"149\" class=\"elementor elementor-149\" data-elementor-post-type=\"page\">\n\t\t\t\t\t\t<section class=\"elementor-section elementor-top-section elementor-element elementor-element-58e750d1 elementor-section-boxed elementor-section-height-default elementor-section-height-default\" data-id=\"58e750d1\" data-element_type=\"section\" data-e-type=\"section\" data-settings=\"{&quot;background_background&quot;:&quot;classic&quot;}\">\n\t\t\t\t\t\t<div class=\"elementor-container elementor-column-gap-default\">\n\t\t\t\t\t<div class=\"elementor-column elementor-col-100 elementor-top-column elementor-element elementor-element-7a154458\" data-id=\"7a154458\" data-element_type=\"column\" data-e-type=\"column\">\n\t\t\t<div class=\"elementor-widget-wrap elementor-element-populated\">\n\t\t\t\t\t\t<div class=\"elementor-element elementor-element-7e79b555 elementor-invisible elementor-widget elementor-widget-heading\" data-id=\"7e79b555\" data-element_type=\"widget\" data-e-type=\"widget\" data-settings=\"{&quot;_animation&quot;:&quot;fadeInDown&quot;}\" data-widget_type=\"heading.default\">\n\t\t\t\t<div class=\"elementor-widget-container\">\n\t\t\t\t\t<h2 class=\"elementor-heading-title elementor-size-default\">SMART REFIT<\/h2>\t\t\t\t<\/div>\n\t\t\t\t<\/div>\n\t\t\t\t\t<\/div>\n\t\t<\/div>\n\t\t\t\t\t<\/div>\n\t\t<\/section>\n\t\t\t\t<section class=\"elementor-section elementor-top-section elementor-element elementor-element-457fd58d elementor-section-height-min-height elementor-section-content-middle elementor-section-boxed elementor-section-height-default elementor-section-items-middle\" data-id=\"457fd58d\" data-element_type=\"section\" data-e-type=\"section\" data-settings=\"{&quot;background_background&quot;:&quot;classic&quot;}\">\n\t\t\t\t\t\t\t<div class=\"elementor-background-overlay\"><\/div>\n\t\t\t\t\t\t\t<div class=\"elementor-container elementor-column-gap-no\">\n\t\t\t\t\t<div class=\"elementor-column elementor-col-50 elementor-top-column elementor-element elementor-element-17f9304b\" data-id=\"17f9304b\" data-element_type=\"column\" data-e-type=\"column\">\n\t\t\t<div class=\"elementor-widget-wrap elementor-element-populated\">\n\t\t\t\t\t\t<section class=\"elementor-section elementor-inner-section elementor-element elementor-element-49206296 elementor-section-boxed elementor-section-height-default elementor-section-height-default elementor-invisible\" data-id=\"49206296\" data-element_type=\"section\" data-e-type=\"section\" data-settings=\"{&quot;animation&quot;:&quot;fadeInLeft&quot;}\">\n\t\t\t\t\t\t<div class=\"elementor-container elementor-column-gap-default\">\n\t\t\t\t\t<div class=\"elementor-column elementor-col-50 elementor-inner-column elementor-element elementor-element-49d82b1f\" data-id=\"49d82b1f\" data-element_type=\"column\" data-e-type=\"column\">\n\t\t\t<div class=\"elementor-widget-wrap elementor-element-populated\">\n\t\t\t\t\t\t<div class=\"elementor-element elementor-element-5a04c9dc elementor-widget-divider--view-line elementor-widget elementor-widget-divider\" data-id=\"5a04c9dc\" data-element_type=\"widget\" data-e-type=\"widget\" data-widget_type=\"divider.default\">\n\t\t\t\t<div class=\"elementor-widget-container\">\n\t\t\t\t\t\t\t<div class=\"elementor-divider\">\n\t\t\t<span class=\"elementor-divider-separator\">\n\t\t\t\t\t\t<\/span>\n\t\t<\/div>\n\t\t\t\t\t\t<\/div>\n\t\t\t\t<\/div>\n\t\t\t\t\t<\/div>\n\t\t<\/div>\n\t\t\t\t<div class=\"elementor-column elementor-col-50 elementor-inner-column elementor-element elementor-element-6d736296\" data-id=\"6d736296\" data-element_type=\"column\" data-e-type=\"column\">\n\t\t\t<div class=\"elementor-widget-wrap elementor-element-populated\">\n\t\t\t\t\t\t<div class=\"elementor-element elementor-element-9293009 elementor-widget__width-initial elementor-widget elementor-widget-text-editor\" data-id=\"9293009\" data-element_type=\"widget\" data-e-type=\"widget\" data-widget_type=\"text-editor.default\">\n\t\t\t\t<div class=\"elementor-widget-container\">\n\t\t\t\t\t\t\t\t\t<p>Soluci\u00f3n r\u00e1pida, sostenible, con pocas interferencias en tu operativa y contenida en costes para actualizar un espacio o una instalaci\u00f3n.<\/p>\t\t\t\t\t\t\t\t<\/div>\n\t\t\t\t<\/div>\n\t\t\t\t\t<\/div>\n\t\t<\/div>\n\t\t\t\t\t<\/div>\n\t\t<\/section>\n\t\t\t\t\t<\/div>\n\t\t<\/div>\n\t\t\t\t<div class=\"elementor-column elementor-col-50 elementor-top-column elementor-element elementor-element-2f6e0966\" data-id=\"2f6e0966\" data-element_type=\"column\" data-e-type=\"column\">\n\t\t\t<div class=\"elementor-widget-wrap elementor-element-populated\">\n\t\t\t\t\t\t<section class=\"elementor-section elementor-inner-section elementor-element elementor-element-342166f6 elementor-section-content-middle elementor-section-boxed elementor-section-height-default elementor-section-height-default\" data-id=\"342166f6\" data-element_type=\"section\" data-e-type=\"section\">\n\t\t\t\t\t\t<div class=\"elementor-container elementor-column-gap-default\">\n\t\t\t\t\t<div class=\"elementor-column elementor-col-50 elementor-inner-column elementor-element elementor-element-404eded6 elementor-invisible\" data-id=\"404eded6\" data-element_type=\"column\" data-e-type=\"column\" data-settings=\"{&quot;background_background&quot;:&quot;classic&quot;,&quot;animation&quot;:&quot;fadeInUp&quot;}\">\n\t\t\t<div class=\"elementor-widget-wrap elementor-element-populated\">\n\t\t\t\t\t<div class=\"elementor-background-overlay\"><\/div>\n\t\t\t\t\t\t<div class=\"elementor-element elementor-element-2ca22abc elementor-widget elementor-widget-image\" data-id=\"2ca22abc\" data-element_type=\"widget\" data-e-type=\"widget\" data-widget_type=\"image.default\">\n\t\t\t\t<div class=\"elementor-widget-container\">\n\t\t\t\t\t\t\t\t\t\t\t\t\t\t\t<img decoding=\"async\" width=\"200\" height=\"200\" src=\"https:\/\/siknal.com\/wp-content\/uploads\/2025\/06\/AscensoresNaranja.png\" class=\"attachment-full size-full wp-image-1268\" alt=\"\" srcset=\"https:\/\/siknal.com\/wp-content\/uploads\/2025\/06\/AscensoresNaranja.png 200w, https:\/\/siknal.com\/wp-content\/uploads\/2025\/06\/AscensoresNaranja-150x150.png 150w\" sizes=\"(max-width: 200px) 100vw, 200px\" \/>\t\t\t\t\t\t\t\t\t\t\t\t\t\t\t<\/div>\n\t\t\t\t<\/div>\n\t\t\t\t<div class=\"elementor-element elementor-element-3e853ffc elementor-widget elementor-widget-image\" data-id=\"3e853ffc\" data-element_type=\"widget\" data-e-type=\"widget\" data-widget_type=\"image.default\">\n\t\t\t\t<div class=\"elementor-widget-container\">\n\t\t\t\t\t\t\t\t\t\t\t\t\t\t\t<img decoding=\"async\" width=\"200\" height=\"200\" src=\"https:\/\/siknal.com\/wp-content\/uploads\/2025\/06\/HotelesNaranja.png\" class=\"attachment-full size-full wp-image-1267\" alt=\"\" srcset=\"https:\/\/siknal.com\/wp-content\/uploads\/2025\/06\/HotelesNaranja.png 200w, https:\/\/siknal.com\/wp-content\/uploads\/2025\/06\/HotelesNaranja-150x150.png 150w\" sizes=\"(max-width: 200px) 100vw, 200px\" \/>\t\t\t\t\t\t\t\t\t\t\t\t\t\t\t<\/div>\n\t\t\t\t<\/div>\n\t\t\t\t\t<\/div>\n\t\t<\/div>\n\t\t\t\t<div class=\"elementor-column elementor-col-50 elementor-inner-column elementor-element elementor-element-417319ed elementor-invisible\" data-id=\"417319ed\" data-element_type=\"column\" data-e-type=\"column\" data-settings=\"{&quot;animation&quot;:&quot;fadeInRight&quot;}\">\n\t\t\t<div class=\"elementor-widget-wrap elementor-element-populated\">\n\t\t\t\t\t\t<div class=\"elementor-element elementor-element-4a2340e9 elementor-widget elementor-widget-image\" data-id=\"4a2340e9\" data-element_type=\"widget\" data-e-type=\"widget\" data-widget_type=\"image.default\">\n\t\t\t\t<div class=\"elementor-widget-container\">\n\t\t\t\t\t\t\t\t\t\t\t\t\t\t\t<img decoding=\"async\" width=\"200\" height=\"130\" src=\"https:\/\/siknal.com\/wp-content\/uploads\/2025\/06\/CocinasNaranja.png\" class=\"attachment-full size-full wp-image-1266\" alt=\"\" \/>\t\t\t\t\t\t\t\t\t\t\t\t\t\t\t<\/div>\n\t\t\t\t<\/div>\n\t\t\t\t<div class=\"elementor-element elementor-element-2cbbcc83 elementor-widget elementor-widget-image\" data-id=\"2cbbcc83\" data-element_type=\"widget\" data-e-type=\"widget\" data-widget_type=\"image.default\">\n\t\t\t\t<div class=\"elementor-widget-container\">\n\t\t\t\t\t\t\t\t\t\t\t\t\t\t\t<img loading=\"lazy\" decoding=\"async\" width=\"200\" height=\"130\" src=\"https:\/\/siknal.com\/wp-content\/uploads\/2025\/06\/ResidenciasNaranja.png\" class=\"attachment-full size-full wp-image-1265\" alt=\"\" \/>\t\t\t\t\t\t\t\t\t\t\t\t\t\t\t<\/div>\n\t\t\t\t<\/div>\n\t\t\t\t<div class=\"elementor-element elementor-element-1b18fb29 elementor-widget elementor-widget-image\" data-id=\"1b18fb29\" data-element_type=\"widget\" data-e-type=\"widget\" data-widget_type=\"image.default\">\n\t\t\t\t<div class=\"elementor-widget-container\">\n\t\t\t\t\t\t\t\t\t\t\t\t\t\t\t<img loading=\"lazy\" decoding=\"async\" width=\"200\" height=\"130\" src=\"https:\/\/siknal.com\/wp-content\/uploads\/2025\/06\/Embarcaciones-Prueba.png\" class=\"attachment-full size-full wp-image-1260\" alt=\"\" \/>\t\t\t\t\t\t\t\t\t\t\t\t\t\t\t<\/div>\n\t\t\t\t<\/div>\n\t\t\t\t\t<\/div>\n\t\t<\/div>\n\t\t\t\t\t<\/div>\n\t\t<\/section>\n\t\t\t\t\t<\/div>\n\t\t<\/div>\n\t\t\t\t\t<\/div>\n\t\t<\/section>\n\t\t\t\t<section class=\"elementor-section elementor-top-section elementor-element elementor-element-c66698c elementor-section-boxed elementor-section-height-default elementor-section-height-default\" data-id=\"c66698c\" data-element_type=\"section\" data-e-type=\"section\" data-settings=\"{&quot;background_background&quot;:&quot;classic&quot;}\">\n\t\t\t\t\t\t\t<div class=\"elementor-background-overlay\"><\/div>\n\t\t\t\t\t\t\t<div class=\"elementor-container elementor-column-gap-default\">\n\t\t\t\t\t<div class=\"elementor-column elementor-col-100 elementor-top-column elementor-element elementor-element-64c7182\" data-id=\"64c7182\" data-element_type=\"column\" data-e-type=\"column\">\n\t\t\t<div class=\"elementor-widget-wrap elementor-element-populated\">\n\t\t\t\t\t\t<div class=\"elementor-element elementor-element-5cd01ff elementor-invisible elementor-widget elementor-widget-heading\" data-id=\"5cd01ff\" data-element_type=\"widget\" data-e-type=\"widget\" data-settings=\"{&quot;_animation&quot;:&quot;fadeIn&quot;}\" data-widget_type=\"heading.default\">\n\t\t\t\t<div class=\"elementor-widget-container\">\n\t\t\t\t\t<h4 class=\"elementor-heading-title elementor-size-default\">Somos instalador y punto de venta certificado de:<\/h4>\t\t\t\t<\/div>\n\t\t\t\t<\/div>\n\t\t<div class=\"elementor-element elementor-element-7698409 e-flex e-con-boxed e-con e-parent\" data-id=\"7698409\" data-element_type=\"container\" data-e-type=\"container\">\n\t\t\t\t\t<div class=\"e-con-inner\">\n\t\t<div class=\"elementor-element elementor-element-8062c15 e-con-full e-flex elementor-invisible e-con e-child\" data-id=\"8062c15\" data-element_type=\"container\" data-e-type=\"container\" data-settings=\"{&quot;animation&quot;:&quot;slideInLeft&quot;}\">\n\t\t\t\t<div class=\"elementor-element elementor-element-022e57e elementor-widget elementor-widget-image\" data-id=\"022e57e\" data-element_type=\"widget\" data-e-type=\"widget\" data-widget_type=\"image.default\">\n\t\t\t\t<div class=\"elementor-widget-container\">\n\t\t\t\t\t\t\t\t\t\t\t\t\t\t\t<img loading=\"lazy\" decoding=\"async\" width=\"640\" height=\"194\" src=\"https:\/\/siknal.com\/wp-content\/uploads\/2025\/05\/logo-prosolstylSize.png\" class=\"attachment-large size-large wp-image-251\" alt=\"\" srcset=\"https:\/\/siknal.com\/wp-content\/uploads\/2025\/05\/logo-prosolstylSize.png 640w, https:\/\/siknal.com\/wp-content\/uploads\/2025\/05\/logo-prosolstylSize-300x91.png 300w\" sizes=\"(max-width: 640px) 100vw, 640px\" \/>\t\t\t\t\t\t\t\t\t\t\t\t\t\t\t<\/div>\n\t\t\t\t<\/div>\n\t\t\t\t<\/div>\n\t\t<div class=\"elementor-element elementor-element-6a0cddd e-con-full e-flex e-con e-child\" data-id=\"6a0cddd\" data-element_type=\"container\" data-e-type=\"container\">\n\t\t\t\t<div class=\"elementor-element elementor-element-69f18e0 elementor-invisible elementor-widget elementor-widget-image\" data-id=\"69f18e0\" data-element_type=\"widget\" data-e-type=\"widget\" data-settings=\"{&quot;_animation&quot;:&quot;slideInRight&quot;}\" data-widget_type=\"image.default\">\n\t\t\t\t<div class=\"elementor-widget-container\">\n\t\t\t\t\t\t\t\t\t\t\t\t\t\t\t<img loading=\"lazy\" decoding=\"async\" width=\"640\" height=\"194\" src=\"https:\/\/siknal.com\/wp-content\/uploads\/2025\/05\/CoverStyl_Logo.png\" class=\"attachment-large size-large wp-image-249\" alt=\"\" srcset=\"https:\/\/siknal.com\/wp-content\/uploads\/2025\/05\/CoverStyl_Logo.png 640w, https:\/\/siknal.com\/wp-content\/uploads\/2025\/05\/CoverStyl_Logo-300x91.png 300w\" sizes=\"(max-width: 640px) 100vw, 640px\" \/>\t\t\t\t\t\t\t\t\t\t\t\t\t\t\t<\/div>\n\t\t\t\t<\/div>\n\t\t\t\t<\/div>\n\t\t\t\t\t<\/div>\n\t\t\t\t<\/div>\n\t\t\t\t\t<\/div>\n\t\t<\/div>\n\t\t\t\t\t<\/div>\n\t\t<\/section>\n\t\t\t\t<section class=\"elementor-section elementor-top-section elementor-element elementor-element-4b435d93 elementor-section-content-middle elementor-section-stretched elementor-section-height-min-height elementor-section-items-stretch elementor-section-boxed elementor-section-height-default\" data-id=\"4b435d93\" data-element_type=\"section\" data-e-type=\"section\" data-settings=\"{&quot;background_background&quot;:&quot;classic&quot;,&quot;stretch_section&quot;:&quot;section-stretched&quot;}\">\n\t\t\t\t\t\t\t<div class=\"elementor-background-overlay\"><\/div>\n\t\t\t\t\t\t\t<div class=\"elementor-container elementor-column-gap-default\">\n\t\t\t\t\t<div class=\"elementor-column elementor-col-50 elementor-top-column elementor-element elementor-element-3dfe4433 elementor-invisible\" data-id=\"3dfe4433\" data-element_type=\"column\" data-e-type=\"column\" data-settings=\"{&quot;background_background&quot;:&quot;classic&quot;,&quot;animation&quot;:&quot;fadeInLeft&quot;}\">\n\t\t\t<div class=\"elementor-widget-wrap elementor-element-populated\">\n\t\t\t\t\t\t<div class=\"elementor-element elementor-element-1e463708 elementor-invisible elementor-widget elementor-widget-price-list\" data-id=\"1e463708\" data-element_type=\"widget\" data-e-type=\"widget\" data-settings=\"{&quot;_animation&quot;:&quot;fadeIn&quot;}\" data-widget_type=\"price-list.default\">\n\t\t\t\t<div class=\"elementor-widget-container\">\n\t\t\t\t\t\n\t\t<ul class=\"elementor-price-list\">\n\n\t\t\t\t\t\t\t\t\t<li><a class=\"elementor-price-list-item\" href=\"#\">\t\t\t\t\n\t\t\t\t<div class=\"elementor-price-list-text\">\n\t\t\t\t\t\t\t\t\t<div class=\"elementor-price-list-header\">\n\t\t\t\t\t\t\t\t\t\t\t<span class=\"elementor-price-list-title\">\n\t\t\t\t\t\t\tSin l\u00edmites\t\t\t\t\t\t<\/span>\n\t\t\t\t\t\t\t\t\t\t\t\t\t\t\t\t\t\t<span class=\"elementor-price-list-separator\"><\/span>\n\t\t\t\t\t\t\t\t\t\t\t\t\t\t\t\t<\/div>\n\t\t\t\t\t\t\t\t\t\t\t\t\t\t\t<p class=\"elementor-price-list-description\">\n\t\t\t\t\t\t\tProductos de calidad que se asemejan a materiales aut\u00e9nticos. Se adaptan a la mayor\u00eda de las superficies y respetan los presupuestos de dise\u00f1o de los clientes.\t\t\t\t\t\t<\/p>\n\t\t\t\t\t\t\t\t<\/div>\n\t\t\t\t<\/a><\/li>\t\t\t\t\t\t\t\t\t\t\t\t<li><a class=\"elementor-price-list-item\" href=\"#\">\t\t\t\t\n\t\t\t\t<div class=\"elementor-price-list-text\">\n\t\t\t\t\t\t\t\t\t<div class=\"elementor-price-list-header\">\n\t\t\t\t\t\t\t\t\t\t\t<span class=\"elementor-price-list-title\">\n\t\t\t\t\t\t\tSin descanso\t\t\t\t\t\t<\/span>\n\t\t\t\t\t\t\t\t\t\t\t\t\t\t\t\t\t\t<span class=\"elementor-price-list-separator\"><\/span>\n\t\t\t\t\t\t\t\t\t\t\t\t\t\t\t\t<\/div>\n\t\t\t\t\t\t\t\t\t\t\t\t\t\t\t<p class=\"elementor-price-list-description\">\n\t\t\t\t\t\t\tLa renovaci\u00f3n es limpia y r\u00e1pida, sin ninguna molestia o interrupci\u00f3n. Los hoteles, tiendas y restaurantes no tienen que cerrar durante las obras.\t\t\t\t\t\t<\/p>\n\t\t\t\t\t\t\t\t<\/div>\n\t\t\t\t<\/a><\/li>\t\t\t\t\t\t\t\t\t\t\t\t<li><a class=\"elementor-price-list-item\" href=\"#\">\t\t\t\t\n\t\t\t\t<div class=\"elementor-price-list-text\">\n\t\t\t\t\t\t\t\t\t<div class=\"elementor-price-list-header\">\n\t\t\t\t\t\t\t\t\t\t\t<span class=\"elementor-price-list-title\">\n\t\t\t\t\t\t\tRespetuoso con el medio ambiente\t\t\t\t\t\t<\/span>\n\t\t\t\t\t\t\t\t\t\t\t\t\t\t\t\t\t\t<span class=\"elementor-price-list-separator\"><\/span>\n\t\t\t\t\t\t\t\t\t\t\t\t\t\t\t\t<\/div>\n\t\t\t\t\t\t\t\t\t\t\t\t\t\t\t<p class=\"elementor-price-list-description\">\n\t\t\t\t\t\t\tRenueva tus interiores de manera m\u00e1s responsable evitando el exceso de consumo. No es necesario tirar materiales antiguos para reemplazarlos por un nuevo dise\u00f1o.\t\t\t\t\t\t<\/p>\n\t\t\t\t\t\t\t\t<\/div>\n\t\t\t\t<\/a><\/li>\t\t\t\t\t\n\t\t<\/ul>\n\n\t\t\t\t\t\t<\/div>\n\t\t\t\t<\/div>\n\t\t\t\t\t<\/div>\n\t\t<\/div>\n\t\t\t\t<div class=\"elementor-column elementor-col-50 elementor-top-column elementor-element elementor-element-38e75763 elementor-invisible\" data-id=\"38e75763\" data-element_type=\"column\" data-e-type=\"column\" data-settings=\"{&quot;animation&quot;:&quot;fadeInRight&quot;}\">\n\t\t\t<div class=\"elementor-widget-wrap elementor-element-populated\">\n\t\t\t\t\t\t<div class=\"elementor-element elementor-element-7a2c196f elementor-widget__width-initial elementor-widget elementor-widget-text-editor\" data-id=\"7a2c196f\" data-element_type=\"widget\" data-e-type=\"widget\" data-widget_type=\"text-editor.default\">\n\t\t\t\t<div class=\"elementor-widget-container\">\n\t\t\t\t\t\t\t\t\t<p><span style=\"font-weight: 400;\">Dile adi\u00f3s a los dise\u00f1os obsoletos debido a materiales restrictivos. Observa tus creaciones como las imaginaste con revestimientos adhesivos de alta calidad para transformar todos tus espacios de aburridos a asombrosos.<\/span><\/p>\t\t\t\t\t\t\t\t<\/div>\n\t\t\t\t<\/div>\n\t\t\t\t\t<\/div>\n\t\t<\/div>\n\t\t\t\t\t<\/div>\n\t\t<\/section>\n\t\t<div class=\"elementor-element elementor-element-a0f8167 e-flex e-con-boxed e-con e-parent\" data-id=\"a0f8167\" data-element_type=\"container\" data-e-type=\"container\">\n\t\t\t\t\t<div class=\"e-con-inner\">\n\t\t\t\t<div class=\"elementor-element elementor-element-5fb07dd elementor-invisible elementor-widget elementor-widget-heading\" data-id=\"5fb07dd\" data-element_type=\"widget\" data-e-type=\"widget\" data-settings=\"{&quot;_animation&quot;:&quot;fadeInDown&quot;}\" data-widget_type=\"heading.default\">\n\t\t\t\t<div class=\"elementor-widget-container\">\n\t\t\t\t\t<h2 class=\"elementor-heading-title elementor-size-default\">Desliza para ver el resultado<\/h2>\t\t\t\t<\/div>\n\t\t\t\t<\/div>\n\t\t\t\t\t<\/div>\n\t\t\t\t<\/div>\n\t\t<div class=\"elementor-element elementor-element-0b4716e e-con-full e-flex e-con e-parent\" data-id=\"0b4716e\" data-element_type=\"container\" data-e-type=\"container\">\n\t\t<div class=\"elementor-element elementor-element-5425c18 e-con-full e-flex e-con e-child\" data-id=\"5425c18\" data-element_type=\"container\" data-e-type=\"container\">\n\t\t\t\t<div class=\"elementor-element elementor-element-e1d8bdb elementor-widget elementor-widget-html\" data-id=\"e1d8bdb\" data-element_type=\"widget\" data-e-type=\"widget\" data-widget_type=\"html.default\">\n\t\t\t\t<div class=\"elementor-widget-container\">\n\t\t\t\t\t<!-- Custom Before\/After Image Comparison Slider -->\r\n<img-comparison-slider>\r\n<img decoding=\"async\" slot=\"first\" src=\"https:\/\/siknal.com\/wp-content\/uploads\/2025\/06\/J3-y-NE31-Antes.jpg\" style=\"width: 100%; height: auto;\" \/>\r\n<img decoding=\"async\" slot=\"second\" src=\"https:\/\/siknal.com\/wp-content\/uploads\/2025\/06\/J3-y-NE31-Despues.jpg\" style=\"width: 100%; height: auto;\" \/>\r\n<\/img-comparison-slider>\r\n\r\n<script src=\"https:\/\/unpkg.com\/img-comparison-slider@7\/dist\/index.js\" async>\r\n<\/script>\r\n\t\t\t\t<\/div>\n\t\t\t\t<\/div>\n\t\t\t\t<\/div>\n\t\t<div class=\"elementor-element elementor-element-dfb9c66 e-con-full e-flex e-con e-child\" data-id=\"dfb9c66\" data-element_type=\"container\" data-e-type=\"container\">\n\t\t\t\t<div class=\"elementor-element elementor-element-a3b6a20 elementor-widget elementor-widget-html\" data-id=\"a3b6a20\" data-element_type=\"widget\" data-e-type=\"widget\" data-widget_type=\"html.default\">\n\t\t\t\t<div class=\"elementor-widget-container\">\n\t\t\t\t\t<!-- Custom Before\/After Image Comparison Slider -->\r\n<img-comparison-slider>\r\n<img decoding=\"async\" slot=\"first\" src=\"https:\/\/siknal.com\/wp-content\/uploads\/2025\/06\/J3-y-NF36-Antes.jpg\" style=\"width: 100%; height: auto;\" \/>\r\n<img decoding=\"async\" slot=\"second\" src=\"https:\/\/siknal.com\/wp-content\/uploads\/2025\/06\/J3-y-NE31-Antes.png\" style=\"width: 100%; height: auto;\" \/>\r\n<\/img-comparison-slider>\r\n\r\n<script src=\"https:\/\/unpkg.com\/img-comparison-slider@7\/dist\/index.js\" async>\r\n<\/script>\r\n\t\t\t\t<\/div>\n\t\t\t\t<\/div>\n\t\t\t\t<\/div>\n\t\t\t\t<\/div>\n\t\t<div class=\"elementor-element elementor-element-d62f490 e-con-full e-flex e-con e-parent\" data-id=\"d62f490\" data-element_type=\"container\" data-e-type=\"container\">\n\t\t<div class=\"elementor-element elementor-element-6198b83 e-con-full e-flex e-con e-child\" data-id=\"6198b83\" data-element_type=\"container\" data-e-type=\"container\">\n\t\t\t\t<div class=\"elementor-element elementor-element-6cb8a99 elementor-widget elementor-widget-html\" data-id=\"6cb8a99\" data-element_type=\"widget\" data-e-type=\"widget\" data-widget_type=\"html.default\">\n\t\t\t\t<div class=\"elementor-widget-container\">\n\t\t\t\t\t<!-- Custom Before\/After Image Comparison Slider -->\r\n<img-comparison-slider>\r\n<img decoding=\"async\" slot=\"first\" src=\"https:\/\/siknal.com\/wp-content\/uploads\/2025\/06\/J3-NE31-y-CT82-Antes.png\" style=\"width: 100%; height: auto;\" \/>\r\n<img decoding=\"async\" slot=\"second\" src=\"https:\/\/siknal.com\/wp-content\/uploads\/2025\/06\/J3-NE31-Y-CT82-Despues.png\" style=\"width: 100%; height: auto;\" \/>\r\n<\/img-comparison-slider>\r\n\r\n<script src=\"https:\/\/unpkg.com\/img-comparison-slider@7\/dist\/index.js\" async>\r\n<\/script>\r\n\t\t\t\t<\/div>\n\t\t\t\t<\/div>\n\t\t\t\t<\/div>\n\t\t<div class=\"elementor-element elementor-element-aae9eb4 e-con-full e-flex e-con e-child\" data-id=\"aae9eb4\" data-element_type=\"container\" data-e-type=\"container\">\n\t\t\t\t<div class=\"elementor-element elementor-element-d50b642 elementor-widget elementor-widget-html\" data-id=\"d50b642\" data-element_type=\"widget\" data-e-type=\"widget\" data-widget_type=\"html.default\">\n\t\t\t\t<div class=\"elementor-widget-container\">\n\t\t\t\t\t<!-- Custom Before\/After Image Comparison Slider -->\r\n<img-comparison-slider>\r\n<img decoding=\"async\" slot=\"first\" src=\"https:\/\/siknal.com\/wp-content\/uploads\/2025\/06\/J3-y-NF43-Antes.jpeg\" style=\"width: 100%; height: auto;\" \/>\r\n<img decoding=\"async\" slot=\"second\" src=\"https:\/\/siknal.com\/wp-content\/uploads\/2025\/06\/J3-y-NF43-Despues.png\" style=\"width: 100%; height: auto;\" \/>\r\n<\/img-comparison-slider>\r\n\r\n<script src=\"https:\/\/unpkg.com\/img-comparison-slider@7\/dist\/index.js\" async>\r\n<\/script>\r\n\t\t\t\t<\/div>\n\t\t\t\t<\/div>\n\t\t\t\t<\/div>\n\t\t\t\t<\/div>\n\t\t\t\t<\/div>\n\t\t","protected":false},"excerpt":{"rendered":"<p>SMART REFIT Soluci\u00f3n r\u00e1pida, sostenible, con pocas interferencias en tu operativa y contenida en costes para actualizar un espacio o una instalaci\u00f3n. Somos instalador y punto de venta certificado de: Sin l\u00edmites Productos de calidad que se asemejan a materiales aut\u00e9nticos. Se adaptan a la mayor\u00eda de las superficies y respetan los presupuestos de dise\u00f1o [&hellip;]<\/p>\n","protected":false},"author":1,"featured_media":0,"parent":0,"menu_order":0,"comment_status":"closed","ping_status":"closed","template":"elementor_header_footer","meta":{"footnotes":""},"class_list":["post-149","page","type-page","status-publish","hentry"],"_links":{"self":[{"href":"https:\/\/siknal.com\/es\/wp-json\/wp\/v2\/pages\/149","targetHints":{"allow":["GET"]}}],"collection":[{"href":"https:\/\/siknal.com\/es\/wp-json\/wp\/v2\/pages"}],"about":[{"href":"https:\/\/siknal.com\/es\/wp-json\/wp\/v2\/types\/page"}],"author":[{"embeddable":true,"href":"https:\/\/siknal.com\/es\/wp-json\/wp\/v2\/users\/1"}],"replies":[{"embeddable":true,"href":"https:\/\/siknal.com\/es\/wp-json\/wp\/v2\/comments?post=149"}],"version-history":[{"count":0,"href":"https:\/\/siknal.com\/es\/wp-json\/wp\/v2\/pages\/149\/revisions"}],"wp:attachment":[{"href":"https:\/\/siknal.com\/es\/wp-json\/wp\/v2\/media?parent=149"}],"curies":[{"name":"wp","href":"https:\/\/api.w.org\/{rel}","templated":true}]}}