{"id":145,"date":"2025-05-26T11:13:21","date_gmt":"2025-05-26T11:13:21","guid":{"rendered":"https:\/\/siknal.com\/?page_id=145"},"modified":"2025-06-19T09:37:21","modified_gmt":"2025-06-19T09:37:21","slug":"rotulacion-de-vehiculos","status":"publish","type":"page","link":"https:\/\/siknal.com\/es\/rotulacion-de-vehiculos\/","title":{"rendered":"rotulacion de vehiculos"},"content":{"rendered":"\t\t<div data-elementor-type=\"wp-page\" data-elementor-id=\"145\" class=\"elementor elementor-145\" data-elementor-post-type=\"page\">\n\t\t\t\t\t\t<section class=\"elementor-section elementor-top-section elementor-element elementor-element-7025c346 elementor-section-boxed elementor-section-height-default elementor-section-height-default\" data-id=\"7025c346\" data-element_type=\"section\" data-e-type=\"section\" data-settings=\"{&quot;background_background&quot;:&quot;classic&quot;}\">\n\t\t\t\t\t\t<div class=\"elementor-container elementor-column-gap-default\">\n\t\t\t\t\t<div class=\"elementor-column elementor-col-100 elementor-top-column elementor-element elementor-element-637ccda7\" data-id=\"637ccda7\" data-element_type=\"column\" data-e-type=\"column\">\n\t\t\t<div class=\"elementor-widget-wrap elementor-element-populated\">\n\t\t\t\t\t\t<div class=\"elementor-element elementor-element-179ec8fc elementor-invisible elementor-widget elementor-widget-heading\" data-id=\"179ec8fc\" data-element_type=\"widget\" data-e-type=\"widget\" data-settings=\"{&quot;_animation&quot;:&quot;fadeInDown&quot;}\" data-widget_type=\"heading.default\">\n\t\t\t\t<div class=\"elementor-widget-container\">\n\t\t\t\t\t<h2 class=\"elementor-heading-title elementor-size-default\">ROTULACI\u00d3N DE VEH\u00cdCULOS<\/h2>\t\t\t\t<\/div>\n\t\t\t\t<\/div>\n\t\t\t\t\t<\/div>\n\t\t<\/div>\n\t\t\t\t\t<\/div>\n\t\t<\/section>\n\t\t\t\t<section class=\"elementor-section elementor-top-section elementor-element elementor-element-4cdad6b7 elementor-section-boxed elementor-section-height-default elementor-section-height-default\" data-id=\"4cdad6b7\" data-element_type=\"section\" data-e-type=\"section\" data-settings=\"{&quot;background_background&quot;:&quot;classic&quot;}\">\n\t\t\t\t\t\t\t<div class=\"elementor-background-overlay\"><\/div>\n\t\t\t\t\t\t\t<div class=\"elementor-container elementor-column-gap-default\">\n\t\t\t\t\t<div class=\"elementor-column elementor-col-100 elementor-top-column elementor-element elementor-element-2550894\" data-id=\"2550894\" data-element_type=\"column\" data-e-type=\"column\">\n\t\t\t<div class=\"elementor-widget-wrap elementor-element-populated\">\n\t\t\t\t\t\t<div class=\"elementor-element elementor-element-44f6f74 elementor-widget elementor-widget-text-editor\" data-id=\"44f6f74\" data-element_type=\"widget\" data-e-type=\"widget\" data-widget_type=\"text-editor.default\">\n\t\t\t\t<div class=\"elementor-widget-container\">\n\t\t\t\t\t\t\t\t\t<p><span style=\"font-weight: 400;\">La personalizaci\u00f3n y rotulaci\u00f3n de veh\u00edculos de empresa es, sin duda, una manera muy interesante de hacer publicidad, ya que est\u00e1 siempre en movimiento,\u00a0 y un buen dise\u00f1o difunde tus servicios, trasmite seriedad y confianza.<\/span><\/p><p><span style=\"font-weight: 400;\">Si todav\u00eda no est\u00e1s 100% decidid@ a rotular tu veh\u00edculo, te damos algunos argumentos para que te decidas ya.<\/span><\/p>\t\t\t\t\t\t\t\t<\/div>\n\t\t\t\t<\/div>\n\t\t\t\t<section class=\"elementor-section elementor-inner-section elementor-element elementor-element-7447696b elementor-section-boxed elementor-section-height-default elementor-section-height-default\" data-id=\"7447696b\" data-element_type=\"section\" data-e-type=\"section\">\n\t\t\t\t\t\t<div class=\"elementor-container elementor-column-gap-default\">\n\t\t\t\t\t<div class=\"elementor-column elementor-col-33 elementor-inner-column elementor-element elementor-element-5426b133\" data-id=\"5426b133\" data-element_type=\"column\" data-e-type=\"column\" data-settings=\"{&quot;background_background&quot;:&quot;classic&quot;}\">\n\t\t\t<div class=\"elementor-widget-wrap elementor-element-populated\">\n\t\t\t\t\t<div class=\"elementor-background-overlay\"><\/div>\n\t\t\t\t\t\t<div class=\"elementor-element elementor-element-75f8978 elementor-widget elementor-widget-heading\" data-id=\"75f8978\" data-element_type=\"widget\" data-e-type=\"widget\" data-widget_type=\"heading.default\">\n\t\t\t\t<div class=\"elementor-widget-container\">\n\t\t\t\t\t<h2 class=\"elementor-heading-title elementor-size-default\">Visibilidad<\/h2>\t\t\t\t<\/div>\n\t\t\t\t<\/div>\n\t\t\t\t<div class=\"elementor-element elementor-element-4de990d elementor-widget elementor-widget-text-editor\" data-id=\"4de990d\" data-element_type=\"widget\" data-e-type=\"widget\" data-widget_type=\"text-editor.default\">\n\t\t\t\t<div class=\"elementor-widget-container\">\n\t\t\t\t\t\t\t\t\t<p>Rotular tu veh\u00edculo de empresa favorece la memorabilidad y el reconocimiento de una marca. El impacto visual que se consigue rotulando tu veh\u00edculo es especialmente elevado consiguiendo as\u00ed potenciar tu identidad de marca.<\/p>\t\t\t\t\t\t\t\t<\/div>\n\t\t\t\t<\/div>\n\t\t\t\t\t<\/div>\n\t\t<\/div>\n\t\t\t\t<div class=\"elementor-column elementor-col-33 elementor-inner-column elementor-element elementor-element-684fa10\" data-id=\"684fa10\" data-element_type=\"column\" data-e-type=\"column\" data-settings=\"{&quot;background_background&quot;:&quot;classic&quot;}\">\n\t\t\t<div class=\"elementor-widget-wrap elementor-element-populated\">\n\t\t\t\t\t<div class=\"elementor-background-overlay\"><\/div>\n\t\t\t\t\t\t<div class=\"elementor-element elementor-element-b252c0c elementor-widget elementor-widget-heading\" data-id=\"b252c0c\" data-element_type=\"widget\" data-e-type=\"widget\" data-widget_type=\"heading.default\">\n\t\t\t\t<div class=\"elementor-widget-container\">\n\t\t\t\t\t<h2 class=\"elementor-heading-title elementor-size-default\">Promoci\u00f3n 24\/7<\/h2>\t\t\t\t<\/div>\n\t\t\t\t<\/div>\n\t\t\t\t<div class=\"elementor-element elementor-element-8f661ea elementor-widget elementor-widget-text-editor\" data-id=\"8f661ea\" data-element_type=\"widget\" data-e-type=\"widget\" data-widget_type=\"text-editor.default\">\n\t\t\t\t<div class=\"elementor-widget-container\">\n\t\t\t\t\t\t\t\t\t<p><span style=\"font-weight: 400;\">Rotulando tu veh\u00edculo de empresa, no solo impactas con tu marca mientras est\u00e1s en circulaci\u00f3n , sino que, adem\u00e1s, durante el tiempo en el que est\u00e1 parado y estacionado, el impacto de tu negocio permanece estable, y de sensaci\u00f3n de presencia y cercan\u00eda de tu marca all\u00e1 donde est\u00e9.<\/span><\/p>\t\t\t\t\t\t\t\t<\/div>\n\t\t\t\t<\/div>\n\t\t\t\t\t<\/div>\n\t\t<\/div>\n\t\t\t\t<div class=\"elementor-column elementor-col-33 elementor-inner-column elementor-element elementor-element-2cdc4a9\" data-id=\"2cdc4a9\" data-element_type=\"column\" data-e-type=\"column\" data-settings=\"{&quot;background_background&quot;:&quot;classic&quot;}\">\n\t\t\t<div class=\"elementor-widget-wrap elementor-element-populated\">\n\t\t\t\t\t<div class=\"elementor-background-overlay\"><\/div>\n\t\t\t\t\t\t<div class=\"elementor-element elementor-element-03f8a98 elementor-widget elementor-widget-heading\" data-id=\"03f8a98\" data-element_type=\"widget\" data-e-type=\"widget\" data-widget_type=\"heading.default\">\n\t\t\t\t<div class=\"elementor-widget-container\">\n\t\t\t\t\t<h2 class=\"elementor-heading-title elementor-size-default\">Imagen de profesionalidad<\/h2>\t\t\t\t<\/div>\n\t\t\t\t<\/div>\n\t\t\t\t<div class=\"elementor-element elementor-element-e4daa59 elementor-widget elementor-widget-text-editor\" data-id=\"e4daa59\" data-element_type=\"widget\" data-e-type=\"widget\" data-widget_type=\"text-editor.default\">\n\t\t\t\t<div class=\"elementor-widget-container\">\n\t\t\t\t\t\t\t\t\t<p><span style=\"font-weight: 400;\">Rotular tu veh\u00edculo aporta una mayor profesionalidad de forma inmediata y genera una sensaci\u00f3n de confianza inmediata. Presentarnos en cualquier lugar con un coche de empresa rotulado transmite que eres una empresa que cuida los detalles.<\/span><\/p>\t\t\t\t\t\t\t\t<\/div>\n\t\t\t\t<\/div>\n\t\t\t\t\t<\/div>\n\t\t<\/div>\n\t\t\t\t\t<\/div>\n\t\t<\/section>\n\t\t\t\t<div class=\"elementor-element elementor-element-03fc945 elementor-invisible elementor-widget elementor-widget-heading\" data-id=\"03fc945\" data-element_type=\"widget\" data-e-type=\"widget\" data-settings=\"{&quot;_animation&quot;:&quot;fadeInDown&quot;}\" data-widget_type=\"heading.default\">\n\t\t\t\t<div class=\"elementor-widget-container\">\n\t\t\t\t\t<h2 class=\"elementor-heading-title elementor-size-default\">Selecciona el veh\u00edculo que quieres rotular para ver las opciones disponibles<\/h2>\t\t\t\t<\/div>\n\t\t\t\t<\/div>\n\t\t\t\t<section class=\"elementor-section elementor-inner-section elementor-element elementor-element-10ea638 elementor-section-boxed elementor-section-height-default elementor-section-height-default\" data-id=\"10ea638\" data-element_type=\"section\" data-e-type=\"section\">\n\t\t\t\t\t\t<div class=\"elementor-container elementor-column-gap-default\">\n\t\t\t\t\t<div class=\"make-column-clickable-elementor elementor-column elementor-col-33 elementor-inner-column elementor-element elementor-element-d6283d9\" style=\"cursor: pointer;\" data-column-clickable=\"https:\/\/siknal.com\/furgonetagrande\" data-column-clickable-blank=\"_self\" data-id=\"d6283d9\" data-element_type=\"column\" data-e-type=\"column\" data-settings=\"{&quot;background_background&quot;:&quot;classic&quot;}\">\n\t\t\t<div class=\"elementor-widget-wrap elementor-element-populated\">\n\t\t\t\t\t<div class=\"elementor-background-overlay\"><\/div>\n\t\t\t\t\t\t<div class=\"elementor-element elementor-element-75ec3f3 elementor-widget elementor-widget-heading\" data-id=\"75ec3f3\" data-element_type=\"widget\" data-e-type=\"widget\" data-widget_type=\"heading.default\">\n\t\t\t\t<div class=\"elementor-widget-container\">\n\t\t\t\t\t<h2 class=\"elementor-heading-title elementor-size-default\">Rotulaci\u00f3n de furgonetas grandes<\/h2>\t\t\t\t<\/div>\n\t\t\t\t<\/div>\n\t\t\t\t<div class=\"elementor-element elementor-element-32f319e elementor-widget elementor-widget-image\" data-id=\"32f319e\" data-element_type=\"widget\" data-e-type=\"widget\" data-widget_type=\"image.default\">\n\t\t\t\t<div class=\"elementor-widget-container\">\n\t\t\t\t\t\t\t\t\t\t\t\t\t\t\t<img fetchpriority=\"high\" decoding=\"async\" width=\"800\" height=\"519\" src=\"https:\/\/siknal.com\/wp-content\/uploads\/2025\/06\/bfcc99402a5f64da577d10cbc757b9f1c3ec495aa9f32bfa93f38d8b23b1dc64-e1750231985993-1024x664.png\" class=\"attachment-large size-large wp-image-1589\" alt=\"\" srcset=\"https:\/\/siknal.com\/wp-content\/uploads\/2025\/06\/bfcc99402a5f64da577d10cbc757b9f1c3ec495aa9f32bfa93f38d8b23b1dc64-e1750231985993-1024x664.png 1024w, https:\/\/siknal.com\/wp-content\/uploads\/2025\/06\/bfcc99402a5f64da577d10cbc757b9f1c3ec495aa9f32bfa93f38d8b23b1dc64-e1750231985993-300x195.png 300w, https:\/\/siknal.com\/wp-content\/uploads\/2025\/06\/bfcc99402a5f64da577d10cbc757b9f1c3ec495aa9f32bfa93f38d8b23b1dc64-e1750231985993-768x498.png 768w, https:\/\/siknal.com\/wp-content\/uploads\/2025\/06\/bfcc99402a5f64da577d10cbc757b9f1c3ec495aa9f32bfa93f38d8b23b1dc64-e1750231985993.png 1283w\" sizes=\"(max-width: 800px) 100vw, 800px\" \/>\t\t\t\t\t\t\t\t\t\t\t\t\t\t\t<\/div>\n\t\t\t\t<\/div>\n\t\t\t\t\t<\/div>\n\t\t<\/div>\n\t\t\t\t<div class=\"make-column-clickable-elementor elementor-column elementor-col-33 elementor-inner-column elementor-element elementor-element-16d7515\" style=\"cursor: pointer;\" data-column-clickable=\"https:\/\/siknal.com\/furgoneta-pequena\/\" data-column-clickable-blank=\"_self\" data-id=\"16d7515\" data-element_type=\"column\" data-e-type=\"column\" data-settings=\"{&quot;background_background&quot;:&quot;classic&quot;}\">\n\t\t\t<div class=\"elementor-widget-wrap elementor-element-populated\">\n\t\t\t\t\t<div class=\"elementor-background-overlay\"><\/div>\n\t\t\t\t\t\t<div class=\"elementor-element elementor-element-5f59bac elementor-widget elementor-widget-heading\" data-id=\"5f59bac\" data-element_type=\"widget\" data-e-type=\"widget\" data-widget_type=\"heading.default\">\n\t\t\t\t<div class=\"elementor-widget-container\">\n\t\t\t\t\t<h2 class=\"elementor-heading-title elementor-size-default\">Vinilos personalizados furgonetas peque\u00f1as<\/h2>\t\t\t\t<\/div>\n\t\t\t\t<\/div>\n\t\t\t\t<div class=\"elementor-element elementor-element-45f2c41 elementor-widget elementor-widget-image\" data-id=\"45f2c41\" data-element_type=\"widget\" data-e-type=\"widget\" data-widget_type=\"image.default\">\n\t\t\t\t<div class=\"elementor-widget-container\">\n\t\t\t\t\t\t\t\t\t\t\t\t\t\t\t<img decoding=\"async\" width=\"800\" height=\"491\" src=\"https:\/\/siknal.com\/wp-content\/uploads\/2025\/06\/furgoPequenaIzq-1024x629.png\" class=\"attachment-large size-large wp-image-1734\" alt=\"\" srcset=\"https:\/\/siknal.com\/wp-content\/uploads\/2025\/06\/furgoPequenaIzq-1024x629.png 1024w, https:\/\/siknal.com\/wp-content\/uploads\/2025\/06\/furgoPequenaIzq-300x184.png 300w, https:\/\/siknal.com\/wp-content\/uploads\/2025\/06\/furgoPequenaIzq-768x472.png 768w, https:\/\/siknal.com\/wp-content\/uploads\/2025\/06\/furgoPequenaIzq.png 1071w\" sizes=\"(max-width: 800px) 100vw, 800px\" \/>\t\t\t\t\t\t\t\t\t\t\t\t\t\t\t<\/div>\n\t\t\t\t<\/div>\n\t\t\t\t\t<\/div>\n\t\t<\/div>\n\t\t\t\t<div class=\"make-column-clickable-elementor elementor-column elementor-col-33 elementor-inner-column elementor-element elementor-element-07f258d\" style=\"cursor: pointer;\" data-column-clickable=\"https:\/\/siknal.com\/vehiculos-comerciales\/\" data-column-clickable-blank=\"_self\" data-id=\"07f258d\" data-element_type=\"column\" data-e-type=\"column\" data-settings=\"{&quot;background_background&quot;:&quot;classic&quot;}\">\n\t\t\t<div class=\"elementor-widget-wrap elementor-element-populated\">\n\t\t\t\t\t<div class=\"elementor-background-overlay\"><\/div>\n\t\t\t\t\t\t<div class=\"elementor-element elementor-element-87af29e elementor-widget elementor-widget-heading\" data-id=\"87af29e\" data-element_type=\"widget\" data-e-type=\"widget\" data-widget_type=\"heading.default\">\n\t\t\t\t<div class=\"elementor-widget-container\">\n\t\t\t\t\t<h2 class=\"elementor-heading-title elementor-size-default\">Rotulaci\u00f3n de veh\u00edculos comerciales<\/h2>\t\t\t\t<\/div>\n\t\t\t\t<\/div>\n\t\t\t\t<div class=\"elementor-element elementor-element-96d7d62 elementor-widget elementor-widget-image\" data-id=\"96d7d62\" data-element_type=\"widget\" data-e-type=\"widget\" data-widget_type=\"image.default\">\n\t\t\t\t<div class=\"elementor-widget-container\">\n\t\t\t\t\t\t\t\t\t\t\t\t\t\t\t<img decoding=\"async\" width=\"800\" height=\"433\" src=\"https:\/\/siknal.com\/wp-content\/uploads\/2025\/06\/comercialIzq-1024x554.png\" class=\"attachment-large size-large wp-image-1757\" alt=\"\" srcset=\"https:\/\/siknal.com\/wp-content\/uploads\/2025\/06\/comercialIzq-1024x554.png 1024w, https:\/\/siknal.com\/wp-content\/uploads\/2025\/06\/comercialIzq-300x162.png 300w, https:\/\/siknal.com\/wp-content\/uploads\/2025\/06\/comercialIzq-768x415.png 768w, https:\/\/siknal.com\/wp-content\/uploads\/2025\/06\/comercialIzq.png 1182w\" sizes=\"(max-width: 800px) 100vw, 800px\" \/>\t\t\t\t\t\t\t\t\t\t\t\t\t\t\t<\/div>\n\t\t\t\t<\/div>\n\t\t\t\t\t<\/div>\n\t\t<\/div>\n\t\t\t\t\t<\/div>\n\t\t<\/section>\n\t\t\t\t\t<\/div>\n\t\t<\/div>\n\t\t\t\t\t<\/div>\n\t\t<\/section>\n\t\t\t\t<\/div>\n\t\t","protected":false},"excerpt":{"rendered":"<p>ROTULACI\u00d3N DE VEH\u00cdCULOS La personalizaci\u00f3n y rotulaci\u00f3n de veh\u00edculos de empresa es, sin duda, una manera muy interesante de hacer publicidad, ya que est\u00e1 siempre en movimiento,\u00a0 y un buen dise\u00f1o difunde tus servicios, trasmite seriedad y confianza. Si todav\u00eda no est\u00e1s 100% decidid@ a rotular tu veh\u00edculo, te damos algunos argumentos para que te [&hellip;]<\/p>\n","protected":false},"author":1,"featured_media":0,"parent":0,"menu_order":0,"comment_status":"closed","ping_status":"closed","template":"elementor_header_footer","meta":{"footnotes":""},"class_list":["post-145","page","type-page","status-publish","hentry"],"_links":{"self":[{"href":"https:\/\/siknal.com\/es\/wp-json\/wp\/v2\/pages\/145","targetHints":{"allow":["GET"]}}],"collection":[{"href":"https:\/\/siknal.com\/es\/wp-json\/wp\/v2\/pages"}],"about":[{"href":"https:\/\/siknal.com\/es\/wp-json\/wp\/v2\/types\/page"}],"author":[{"embeddable":true,"href":"https:\/\/siknal.com\/es\/wp-json\/wp\/v2\/users\/1"}],"replies":[{"embeddable":true,"href":"https:\/\/siknal.com\/es\/wp-json\/wp\/v2\/comments?post=145"}],"version-history":[{"count":0,"href":"https:\/\/siknal.com\/es\/wp-json\/wp\/v2\/pages\/145\/revisions"}],"wp:attachment":[{"href":"https:\/\/siknal.com\/es\/wp-json\/wp\/v2\/media?parent=145"}],"curies":[{"name":"wp","href":"https:\/\/api.w.org\/{rel}","templated":true}]}}